{"id":9,"date":"2018-02-13T14:39:10","date_gmt":"2018-02-13T14:39:10","guid":{"rendered":"http:\/\/ostermarsch-gronau.de\/?page_id=9"},"modified":"2023-08-01T22:06:53","modified_gmt":"2023-08-01T22:06:53","slug":"anreise","status":"publish","type":"page","link":"https:\/\/ostermarsch-gronau.de\/?page_id=9","title":{"rendered":"Anreise"},"content":{"rendered":"<p><span style=\"font-family: arial, helvetica, sans-serif; font-size: 12pt;\">Gronau in Westfalen erreicht man mit den direkten <a href=\"#RB\">RB-Verbindungen<\/a> aus Enschede, M\u00fcnster und Dortmund.Die Urananreicherungsanlage befindet sich ca. 4 km \u00f6stlich des Bahnhofs (R\u00f6ntgenstr. 4). Es empfiehlt sich also ein Fahrrad mit zunehmen.<br \/>\n<\/span><\/p>\n<p><span style=\"font-family: arial, helvetica, sans-serif; font-size: 12pt;\"><strong>Autofahrer_innen<\/strong> erreichen Gronau \u00fcber die A31. Man kann an der Urananreicherungsanlage an der R\u00f6ntgenstra\u00dfe parken oder an der Zufahrtstra\u00dfe (Max-Planck-Stra\u00dfe) zur Urananreicherungsanlage (Kundgebungen\/ Mahnwachen an Stra\u00dfenecke Max-Planck-Stra\u00dfe\/ R\u00f6ntgenstra\u00dfe), welche aber gr\u00f6\u00dferen Kundgebungen ab einem gewissen Punkt von der Polizei gesperrt sein wird. <\/span><span style=\"font-family: arial, helvetica, sans-serif; font-size: 12pt;\"><img loading=\"lazy\" decoding=\"async\" class=\" wp-image-97 alignleft\" src=\"http:\/\/ostermarsch-gronau.de\/wp-content\/uploads\/2018\/02\/Zug-Anreise-300x208.jpg\" alt=\"\" width=\"169\" height=\"117\" srcset=\"https:\/\/ostermarsch-gronau.de\/wp-content\/uploads\/2018\/02\/Zug-Anreise-300x208.jpg 300w, https:\/\/ostermarsch-gronau.de\/wp-content\/uploads\/2018\/02\/Zug-Anreise.jpg 485w\" sizes=\"auto, (max-width: 169px) 100vw, 169px\" \/><\/span><\/p>\n<h4 class=\"western\">Anreise mit der Bahn:<\/h4>\n<pre class=\"western\">M\u00fcnster Hbf: 12.08 Uhr\r\nZentrum Nord: 12.14 Uhr\r\nMS-H\u00e4ger: 12.20 Uhr\r\nAltenberge: 12.26 Uhr\r\nNordwalde: 12.29 Uhr\r\nST-Borghorst: 12.35 Uhr\r\nST-Grottenkamp: 12.37 Uhr\r\nST-Burgsteinfurt: 12.42 Uhr\r\nMetelen-Land: 12.47 Uhr\r\nOchtrup: 12.54 Uhr\r\nGronau (Ankunft): 13.04 Uhr\r\n\r\n\r\nEnschede: 12.32 Uhr\r\nGronau (Ankunft): 12.44 Uhr\r\n\r\n\r\nDortmund Hbf: 10.52 Uhr\r\nL\u00fcnen: 11.10 Uhr\r\nBork: 11.17 Uhr\r\nSelm: 11.23 Uhr\r\nL\u00fcdinghausen: 11.30 Uhr\r\nD\u00fclmen: 11.40 Uhr\r\nLette: 11.48 Uhr\r\nCoesfeld: 12.00 Uhr\r\nRosendahl-Holtwick: 12.07 Uhr\r\nLegden: 12.11 Uhr\r\nAhaus: 12.19 Uhr\r\nGronau (Ankunft): 12.33 Uhr\r\n<\/pre>\n","protected":false},"excerpt":{"rendered":"<p>Gronau in Westfalen erreicht man mit den direkten RB-Verbindungen aus Enschede, M\u00fcnster und Dortmund.Die Urananreicherungsanlage befindet sich ca. 4 km \u00f6stlich des Bahnhofs (R\u00f6ntgenstr. 4). Es empfiehlt sich also ein Fahrrad mit zunehmen. Autofahrer_innen erreichen Gronau \u00fcber die A31. Man kann an der Urananreicherungsanlage an der R\u00f6ntgenstra\u00dfe parken oder an der Zufahrtstra\u00dfe (Max-Planck-Stra\u00dfe) zur Urananreicherungsanlage [&hellip;]<\/p>\n","protected":false},"author":1,"featured_media":0,"parent":0,"menu_order":0,"comment_status":"closed","ping_status":"closed","template":"","meta":{"footnotes":""},"class_list":["post-9","page","type-page","status-publish","hentry","entry"],"_links":{"self":[{"href":"https:\/\/ostermarsch-gronau.de\/index.php?rest_route=\/wp\/v2\/pages\/9","targetHints":{"allow":["GET"]}}],"collection":[{"href":"https:\/\/ostermarsch-gronau.de\/index.php?rest_route=\/wp\/v2\/pages"}],"about":[{"href":"https:\/\/ostermarsch-gronau.de\/index.php?rest_route=\/wp\/v2\/types\/page"}],"author":[{"embeddable":true,"href":"https:\/\/ostermarsch-gronau.de\/index.php?rest_route=\/wp\/v2\/users\/1"}],"replies":[{"embeddable":true,"href":"https:\/\/ostermarsch-gronau.de\/index.php?rest_route=%2Fwp%2Fv2%2Fcomments&post=9"}],"version-history":[{"count":36,"href":"https:\/\/ostermarsch-gronau.de\/index.php?rest_route=\/wp\/v2\/pages\/9\/revisions"}],"predecessor-version":[{"id":870,"href":"https:\/\/ostermarsch-gronau.de\/index.php?rest_route=\/wp\/v2\/pages\/9\/revisions\/870"}],"wp:attachment":[{"href":"https:\/\/ostermarsch-gronau.de\/index.php?rest_route=%2Fwp%2Fv2%2Fmedia&parent=9"}],"curies":[{"name":"wp","href":"https:\/\/api.w.org\/{rel}","templated":true}]}}