{"id":892,"date":"2025-03-23T23:07:48","date_gmt":"2025-03-23T23:07:48","guid":{"rendered":"https:\/\/ostermarsch-gronau.de\/?page_id=892"},"modified":"2025-03-23T23:08:19","modified_gmt":"2025-03-23T23:08:19","slug":"archiv-2023","status":"publish","type":"page","link":"https:\/\/ostermarsch-gronau.de\/?page_id=892","title":{"rendered":"Archiv 2023"},"content":{"rendered":"<h2><strong>ca. 120 Menschen beim Ostermarsch 2023 zur Urananreicherungsanlage Gronau<\/strong><\/h2>\n<p>2023 fand am Karfreitag wieder ein \u201eklassischer\u201c Ostermarsch <strong>(zu Fu\u00df)<\/strong> zur Urananreicherungsanlage (UAA) Gronau statt. Es nahmen ca. 120 Menschen teil. <a href=\"https:\/\/ostermarsch-gronau.de\/wp-content\/uploads\/2023\/04\/PM-OMA-Gronau-07.04.2023.pdf\">Zur Abschluss-PM<\/a>.<\/p>\n<p><img loading=\"lazy\" decoding=\"async\" class=\"wp-image-858 aligncenter\" src=\"https:\/\/ostermarsch-gronau.de\/wp-content\/uploads\/2023\/04\/OMA-Gronau-2023-300x224.jpg\" alt=\"\" width=\"317\" height=\"237\" srcset=\"https:\/\/ostermarsch-gronau.de\/wp-content\/uploads\/2023\/04\/OMA-Gronau-2023-300x224.jpg 300w, https:\/\/ostermarsch-gronau.de\/wp-content\/uploads\/2023\/04\/OMA-Gronau-2023-1024x766.jpg 1024w, https:\/\/ostermarsch-gronau.de\/wp-content\/uploads\/2023\/04\/OMA-Gronau-2023-768x574.jpg 768w, https:\/\/ostermarsch-gronau.de\/wp-content\/uploads\/2023\/04\/OMA-Gronau-2023-1536x1149.jpg 1536w, https:\/\/ostermarsch-gronau.de\/wp-content\/uploads\/2023\/04\/OMA-Gronau-2023-2048x1532.jpg 2048w\" sizes=\"auto, (max-width: 317px) 100vw, 317px\" \/><\/p>\n<p>Wir haben das gemeinsame Ziel Frieden und Energiewende in den Vordergrund gestellt. V\u00f6lkische und rassistische Ideologien waren beim Gronauer Ostermarsch unerw\u00fcnscht, da sie den Grundprinzipien von weltweiter Solidarit\u00e4t und Frieden widersprechen. <a href=\"https:\/\/ostermarsch-gronau.de\/wp-content\/uploads\/2023\/03\/Aufruf-OMA-2023.pdf\" target=\"_blank\" rel=\"noopener\">Zum Aufruf (PDF)<\/a><\/p>\n","protected":false},"excerpt":{"rendered":"<p>ca. 120 Menschen beim Ostermarsch 2023 zur Urananreicherungsanlage Gronau 2023 fand am Karfreitag wieder ein \u201eklassischer\u201c Ostermarsch (zu Fu\u00df) zur Urananreicherungsanlage (UAA) Gronau statt. Es nahmen ca. 120 Menschen teil. Zur Abschluss-PM. Wir haben das gemeinsame Ziel Frieden und Energiewende in den Vordergrund gestellt. V\u00f6lkische und rassistische Ideologien waren beim Gronauer Ostermarsch unerw\u00fcnscht, da sie [&hellip;]<\/p>\n","protected":false},"author":1,"featured_media":0,"parent":670,"menu_order":0,"comment_status":"closed","ping_status":"closed","template":"","meta":{"footnotes":""},"class_list":["post-892","page","type-page","status-publish","hentry","entry"],"_links":{"self":[{"href":"https:\/\/ostermarsch-gronau.de\/index.php?rest_route=\/wp\/v2\/pages\/892","targetHints":{"allow":["GET"]}}],"collection":[{"href":"https:\/\/ostermarsch-gronau.de\/index.php?rest_route=\/wp\/v2\/pages"}],"about":[{"href":"https:\/\/ostermarsch-gronau.de\/index.php?rest_route=\/wp\/v2\/types\/page"}],"author":[{"embeddable":true,"href":"https:\/\/ostermarsch-gronau.de\/index.php?rest_route=\/wp\/v2\/users\/1"}],"replies":[{"embeddable":true,"href":"https:\/\/ostermarsch-gronau.de\/index.php?rest_route=%2Fwp%2Fv2%2Fcomments&post=892"}],"version-history":[{"count":1,"href":"https:\/\/ostermarsch-gronau.de\/index.php?rest_route=\/wp\/v2\/pages\/892\/revisions"}],"predecessor-version":[{"id":893,"href":"https:\/\/ostermarsch-gronau.de\/index.php?rest_route=\/wp\/v2\/pages\/892\/revisions\/893"}],"up":[{"embeddable":true,"href":"https:\/\/ostermarsch-gronau.de\/index.php?rest_route=\/wp\/v2\/pages\/670"}],"wp:attachment":[{"href":"https:\/\/ostermarsch-gronau.de\/index.php?rest_route=%2Fwp%2Fv2%2Fmedia&parent=892"}],"curies":[{"name":"wp","href":"https:\/\/api.w.org\/{rel}","templated":true}]}}