{"id":828,"date":"2022-08-01T21:50:41","date_gmt":"2022-08-01T21:50:41","guid":{"rendered":"https:\/\/ostermarsch-gronau.de\/?page_id=828"},"modified":"2023-08-01T22:02:29","modified_gmt":"2023-08-01T22:02:29","slug":"aufruf-2022","status":"publish","type":"page","link":"https:\/\/ostermarsch-gronau.de\/?page_id=828","title":{"rendered":"Aufruf 2022"},"content":{"rendered":"<h2>Hiroshima mahnt: Atomkraft ist keine L\u00f6sung!<\/h2>\n<h2>Atomausstieg &amp; Energiewende verteidigen und vorantreiben! <a href=\"https:\/\/ostermarsch-gronau.de\/wp-content\/uploads\/2022\/08\/Hiroshima-Aufruf-2022.pdf\" target=\"_blank\" rel=\"noopener\">(als PDF)<\/a><\/h2>\n<p>F\u00fcr Sonntag, 7. August, rufen die Anti-Atomkraft-Initiativen aus dem M\u00fcnsterland und Emsland zu einer Fahrrad-Demo und Kundgebung an der Urananreicherungsanlage Gronau auf. Start ist um 13 Uhr am Bahnhof Gronau (Westfalen), sowie um 13:00 Uhr in Ochtrup, um 14 Uhr gibt es eine Kundgebung von der Urananreicherungsanlage Gronau. Anlass ist der Jahrestag der verheerenden Atombombenabw\u00fcrfe \u00fcber Hiroshima und Nagasaki. Die Urananreicherung gilt als ein zentraler Schl\u00fcssel zum Bau von Atombomben. Wir fordern deshalb seit langem ein Ende der Urananreicherung in Deutschland.<\/p>\n<p>Die Energiewende wurde jahrelang von Politiker*innen mutwillig bek\u00e4mpft und man hat sich von russischem Gas und russischer Kohle abh\u00e4ngig gemacht. Jetzt fordern einige populistisch die R\u00fcckkehr zur Atomkraft&#8230; Dabei kommt auch viel Uran aus Russland und Kasachstan oder aus Afrika oder aus indigenen Gebieten in Australien und Kanada. In der Ukraine setzt Putin die AKW als atomare Geiseln ein und l\u00e4sst sie sogar beschie\u00dfen. In Frankreich fallen die AKW reihenweise wegen technischer Probleme und der Klimakrise (zu wenig und zu hei\u00dfes Flusswasser) aus. Hier in Deutschland wird aber wieder so getan, als k\u00f6nnten die letzten AKW trotz ihrer eigenen Altersprobleme (Risse!!!) die deutsche Energiewelt retten.<\/p>\n<h3>Urananreicherung ist der Schl\u00fcssel zur Atombombe<\/h3>\n<p>In Hiroshima und Nagasaki waren 1945 mehr als 200 000 Menschen an den Folgen der beiden Atombombenabw\u00fcrfe gestorben. Erst k\u00fcrzlich forderte Bundesau\u00dfenministerin Annalena Baerbock in Hiroshima eine Welt ohne Atomwaffen. Doch die Realit\u00e4t sieht anders aus \u2013 alle Atomm\u00e4chte betreiben derzeit atomare Aufr\u00fcstung. Mit ihrer Entscheidung f\u00fcr den Kauf des US-amerikanischen F35 Atombomber hat die Bundesregierung entschieden, an der nuklearen Teilhabe festzuhalten. Neue pr\u00e4zisiere modernisierte\u00a0 B 61-12 US-Atomwaffen sollen die alten Fallbomben auf dem St\u00fctzpunkt B\u00fcchel in der Eifel ersetzen.<\/p>\n<p>Die Urananreicherungsanlage Gronau bietet die technische Grundlage zur Herstellung von Atombomben und ist damit Teil des atomaren Wettstreits und der atomaren Bedrohung. Auf Grundlage der Anreicherungstechnologie des Urenco-Konzerns beruhen die Atomstreitkr\u00e4fte Pakistans, Nordkoreas und auch die diesbez\u00fcglichen Unternehmungen des Irans. Wer atomare Abr\u00fcstung statt gegenseitige Bedrohung mit der atomaren Vernichtung will, muss auch die Gronauer Urananeicherungsanlage stilllegen!<\/p>\n<p><em>\u2013&gt; Wir fordern die Vernichtung aller Atomwaffen weltweit, die Unterzeichnung des UN-Atomwaffenverbotsvertrages durch die Bundesrepublik Deutschland und Stilllegung der Urananreicherungsanlage Gronau!<\/em><\/p>\n<h3>Atomkraft ist von Rosatom abh\u00e4ngig<\/h3>\n<p>Der Weiterbetrieb europ\u00e4ischer Atomanlagen ist eng mit der russischen Atombeh\u00f6rde Rosatom verkn\u00fcpft. Rosatom ist direkt Pr\u00e4sident Putin unterstellt, einerseits ist diese Beh\u00f6rde f\u00fcr die Instandhaltung und Einsatzbereitschaft der russischen Atomwaffen zust\u00e4ndig und andererseits ein gro\u00dfer Player in der Atomindustrie. \u00dcber Rosatom liefert Russland 20% des in der EU ben\u00f6tigten Urans, weitere 20% kommen aus Putins Vasallen-Staat Kasachstan, hinzu kommen Technik und Dienstleistungen beim Brennelementebau. Rosatom kooperiert(e) mit den franz\u00f6sischen Atomkonzernen Orano und EDF, die weitere Zusammenarbeit ist unklar, aber definitiv nicht sanktioniert. Rosatom baut und finanziert AKW-Neubauten und Umbauten, z. B. in Ungarn. \u00dcber Rosatom entsorgte Urenco ca. 45.000 Tonnen Uranm\u00fcll aus der Gronauer Urananreicherungsanlage in Russland unter freiem Himmel. Wer jetzt den Weiterbetrieb der Atomkraftwerke fordert, billigt damit letztlich auch die Zusammenarbeit mit der russischen Atomindustrie.<\/p>\n<p><em>\u2013&gt; Wir fordern Rosatom und die zugeh\u00f6rigen russischen Konzerne endlich auf die Sanktionsliste zu setzen und nicht weiter Russland, seine Atombomben und sein Milit\u00e4r zu finanzieren!<\/em><\/p>\n<h3>Atomkraft ist gef\u00e4hrlich und ersetzt keine Gaskraftwerke<\/h3>\n<p>Die Verl\u00e4ngerung von AKW-Laufzeiten wird kaum Gas einsparen, da viele Gas-Kraftwerke gleichzeitig Fernw\u00e4rme zum Heizen liefern oder als Spitzenlast-Kraftwerke kurzfristig ben\u00f6tigten Strom bereitstellen. Dies beides k\u00f6nnen AKW nicht!<\/p>\n<p>Laufzeitverl\u00e4ngerungen der alten deutschen AKWs gef\u00e4hrden zudem die Sicherheit und tragen deswegen nicht zur Versorgungssicherheit bei. In Frankreich liegen derzeit die H\u00e4lfte der AKWs still, weil sie erhebliche technische Defizite haben und der hei\u00dfe Sommer das K\u00fchlwasser in den Fl\u00fcssen \u00fcberhitzt hat. Bereits seit 2009 wurde in Deutschland in Erwartung des Atomausstiegs keine notwendige General\u00fcberpr\u00fcfung der drei AKW mehr durchgef\u00fchrt. Deshalb kann das tats\u00e4chliche Sicherheitsniveau der letzten Atomkraftwerke \u00fcberhaupt nicht fachgerecht eingestuft werden. Bekannt sind aber zahlreiche alarmierende Rissefunde im AKW Neckarwestheim und zum Teil auch in Lingen. EON hat im AKW Isar II solche Untersuchungen bislang strikt abgelehnt \u2013 wom\u00f6glich aus Angst vor den Ergebnissen.<\/p>\n<p><em>\u2013&gt; Wir fordern die planm\u00e4\u00dfige Abschaltung der AKW und sofortige Stilllegung der Atomfabriken in Lingen, Gronau und anderswo! Wir fordern den solidarischen Ausbau der erneuerbaren Energien und der W\u00e4rme- und Stromspeichertechnologien!<\/em><\/p>\n","protected":false},"excerpt":{"rendered":"<p>Hiroshima mahnt: Atomkraft ist keine L\u00f6sung! Atomausstieg &amp; Energiewende verteidigen und vorantreiben! (als PDF) F\u00fcr Sonntag, 7. August, rufen die Anti-Atomkraft-Initiativen aus dem M\u00fcnsterland und Emsland zu einer Fahrrad-Demo und Kundgebung an der Urananreicherungsanlage Gronau auf. Start ist um 13 Uhr am Bahnhof Gronau (Westfalen), sowie um 13:00 Uhr in Ochtrup, um 14 Uhr gibt [&hellip;]<\/p>\n","protected":false},"author":1,"featured_media":0,"parent":739,"menu_order":0,"comment_status":"closed","ping_status":"closed","template":"","meta":{"footnotes":""},"class_list":["post-828","page","type-page","status-publish","hentry","entry"],"_links":{"self":[{"href":"https:\/\/ostermarsch-gronau.de\/index.php?rest_route=\/wp\/v2\/pages\/828","targetHints":{"allow":["GET"]}}],"collection":[{"href":"https:\/\/ostermarsch-gronau.de\/index.php?rest_route=\/wp\/v2\/pages"}],"about":[{"href":"https:\/\/ostermarsch-gronau.de\/index.php?rest_route=\/wp\/v2\/types\/page"}],"author":[{"embeddable":true,"href":"https:\/\/ostermarsch-gronau.de\/index.php?rest_route=\/wp\/v2\/users\/1"}],"replies":[{"embeddable":true,"href":"https:\/\/ostermarsch-gronau.de\/index.php?rest_route=%2Fwp%2Fv2%2Fcomments&post=828"}],"version-history":[{"count":4,"href":"https:\/\/ostermarsch-gronau.de\/index.php?rest_route=\/wp\/v2\/pages\/828\/revisions"}],"predecessor-version":[{"id":869,"href":"https:\/\/ostermarsch-gronau.de\/index.php?rest_route=\/wp\/v2\/pages\/828\/revisions\/869"}],"up":[{"embeddable":true,"href":"https:\/\/ostermarsch-gronau.de\/index.php?rest_route=\/wp\/v2\/pages\/739"}],"wp:attachment":[{"href":"https:\/\/ostermarsch-gronau.de\/index.php?rest_route=%2Fwp%2Fv2%2Fmedia&parent=828"}],"curies":[{"name":"wp","href":"https:\/\/api.w.org\/{rel}","templated":true}]}}