{"id":670,"date":"2022-03-15T22:33:53","date_gmt":"2022-03-15T22:33:53","guid":{"rendered":"https:\/\/ostermarsch-gronau.de\/?page_id=670"},"modified":"2026-03-28T21:41:19","modified_gmt":"2026-03-28T21:41:19","slug":"archiv","status":"publish","type":"page","link":"https:\/\/ostermarsch-gronau.de\/?page_id=670","title":{"rendered":"Archiv"},"content":{"rendered":"<p>Seine Urspr\u00fcnge hat der Gronauer Ostermarsch in den 1980er Jahren, anl\u00e4sslich der immer offensichtlicheren Zusammenh\u00e4nge und Kooperationen zwischen der Urenco-Urananreicherungsanlage und Atomwaffen und anderen milit\u00e4rischen Projekten, wurde die Urananreicherungsanlage in den letzten Jahren Schwerpunkt-Thema des Gronauer Ostermarsches. Hier findet ihr unser Archiv mit Aufrufen, Berichten und Plakaten der vergangenen Jahre.<\/p>\n<ul>\n<li><a href=\"https:\/\/ostermarsch-gronau.de\/?page_id=213\">Archiv 2018<\/a><\/li>\n<li><a href=\"https:\/\/ostermarsch-gronau.de\/?page_id=366\">Archiv 2019<\/a><\/li>\n<li><a href=\"https:\/\/ostermarsch-gronau.de\/?page_id=525\">Archiv 2020<\/a><\/li>\n<li><a href=\"https:\/\/ostermarsch-gronau.de\/?page_id=563\">Archiv 2021<\/a><\/li>\n<li><a href=\"https:\/\/ostermarsch-gronau.de\/?page_id=739\">Archiv 2022<\/a><\/li>\n<li><a href=\"https:\/\/ostermarsch-gronau.de\/?page_id=892\">Archiv 2023<\/a><\/li>\n<li><a href=\"https:\/\/ostermarsch-gronau.de\/?page_id=890\">Archiv 2024<\/a><\/li>\n<li><a href=\"https:\/\/ostermarsch-gronau.de\/?page_id=912\">Archiv 2025<\/a><\/li>\n<\/ul>\n","protected":false},"excerpt":{"rendered":"<p>Seine Urspr\u00fcnge hat der Gronauer Ostermarsch in den 1980er Jahren, anl\u00e4sslich der immer offensichtlicheren Zusammenh\u00e4nge und Kooperationen zwischen der Urenco-Urananreicherungsanlage und Atomwaffen und anderen milit\u00e4rischen Projekten, wurde die Urananreicherungsanlage in den letzten Jahren Schwerpunkt-Thema des Gronauer Ostermarsches. Hier findet ihr unser Archiv mit Aufrufen, Berichten und Plakaten der vergangenen Jahre. Archiv 2018 Archiv 2019 Archiv [&hellip;]<\/p>\n","protected":false},"author":1,"featured_media":0,"parent":0,"menu_order":0,"comment_status":"closed","ping_status":"closed","template":"","meta":{"footnotes":""},"class_list":["post-670","page","type-page","status-publish","hentry","entry"],"_links":{"self":[{"href":"https:\/\/ostermarsch-gronau.de\/index.php?rest_route=\/wp\/v2\/pages\/670","targetHints":{"allow":["GET"]}}],"collection":[{"href":"https:\/\/ostermarsch-gronau.de\/index.php?rest_route=\/wp\/v2\/pages"}],"about":[{"href":"https:\/\/ostermarsch-gronau.de\/index.php?rest_route=\/wp\/v2\/types\/page"}],"author":[{"embeddable":true,"href":"https:\/\/ostermarsch-gronau.de\/index.php?rest_route=\/wp\/v2\/users\/1"}],"replies":[{"embeddable":true,"href":"https:\/\/ostermarsch-gronau.de\/index.php?rest_route=%2Fwp%2Fv2%2Fcomments&post=670"}],"version-history":[{"count":4,"href":"https:\/\/ostermarsch-gronau.de\/index.php?rest_route=\/wp\/v2\/pages\/670\/revisions"}],"predecessor-version":[{"id":915,"href":"https:\/\/ostermarsch-gronau.de\/index.php?rest_route=\/wp\/v2\/pages\/670\/revisions\/915"}],"wp:attachment":[{"href":"https:\/\/ostermarsch-gronau.de\/index.php?rest_route=%2Fwp%2Fv2%2Fmedia&parent=670"}],"curies":[{"name":"wp","href":"https:\/\/api.w.org\/{rel}","templated":true}]}}