{"id":64,"date":"2018-02-13T22:58:03","date_gmt":"2018-02-13T22:58:03","guid":{"rendered":"http:\/\/ostermarsch-gronau.de\/?page_id=64"},"modified":"2022-03-06T21:49:51","modified_gmt":"2022-03-06T21:49:51","slug":"kontakt","status":"publish","type":"page","link":"https:\/\/ostermarsch-gronau.de\/?page_id=64","title":{"rendered":"Kontakt\/ Presse\/ Spenden"},"content":{"rendered":"<p><img loading=\"lazy\" decoding=\"async\" class=\"wp-image-86 alignright\" src=\"http:\/\/ostermarsch-gronau.de\/wp-content\/uploads\/2018\/02\/logo-aktionsbuendnis-300x297.jpg\" alt=\"\" width=\"190\" height=\"188\" srcset=\"https:\/\/ostermarsch-gronau.de\/wp-content\/uploads\/2018\/02\/logo-aktionsbuendnis-300x297.jpg 300w, https:\/\/ostermarsch-gronau.de\/wp-content\/uploads\/2018\/02\/logo-aktionsbuendnis.jpg 462w\" sizes=\"auto, (max-width: 190px) 100vw, 190px\" \/>Der Gronauer Ostermarsch wird organisiert vom Aktionsb\u00fcndnis M\u00fcnsterland gegen Atomanlagen und weiteren engagierten Menschen aus n\u00e4herer und fernerer Umgebung.<\/p>\n<p>Wir suchen immer weitere Engagierte im Einsatz f\u00fcr einen vollst\u00e4ndigen Atomausstieg und atomare Abr\u00fcstung im M\u00fcnsterland. F\u00fcr Fragen, Anregungen oder Unterst\u00fctzungsangebote erreicht ihr uns unter:<\/p>\n<p><a href=\"mailto:info@ostermarsch-gronau.de\">info[at]ostermarsch-gronau.de<\/a>\u00a0\u00a0\u00a0oder Telefon: 02562-23125<\/p>\n<h3><span style=\"font-size: 12pt; font-family: arial, helvetica, sans-serif;\">Hinweis f\u00fcr die Presse: <\/span><\/h3>\n<p><span style=\"font-size: 12pt; font-family: arial, helvetica, sans-serif;\">Unsere Pressemitteilungen finden Sie unter <a href=\"https:\/\/ostermarsch-gronau.de\/?cat=4\">Aktuelles<\/a>.<br \/>\n<\/span><\/p>\n<ul>\n<li><span style=\"font-size: 12pt; font-family: arial, helvetica, sans-serif;\">Udo Buchholz (AKU Gronau \/ BBU): Tel. 02562-23125, 0178-9050717<\/span><\/li>\n<\/ul>\n<p><strong>Spenden-Konto:<\/strong><\/p>\n<p class=\"western\" align=\"justify\">Natur- und Umweltschutzver\u00adein Gronau (NUG) e. V.,<\/p>\n<p class=\"western\" align=\"justify\">Volksbank Gronau, IBAN:\u00a0 DE71 4016 4024 0143 1961 00,<\/p>\n<p class=\"western\" align=\"justify\">BIC: GENODEM1GRN,<\/p>\n<p class=\"western\" align=\"justify\">Stichwort: wenn gew\u00fcnscht &#8222;Oster\u00admarsch Gronau 2022&#8220; oder &#8222;Anti-Atom-Arbeit Urananreicherungsanlage Gronau&#8220; oder &#8222;Anti-Atom-Arbeit im M\u00fcnsterland&#8220;<\/p>\n","protected":false},"excerpt":{"rendered":"<p>Der Gronauer Ostermarsch wird organisiert vom Aktionsb\u00fcndnis M\u00fcnsterland gegen Atomanlagen und weiteren engagierten Menschen aus n\u00e4herer und fernerer Umgebung. Wir suchen immer weitere Engagierte im Einsatz f\u00fcr einen vollst\u00e4ndigen Atomausstieg und atomare Abr\u00fcstung im M\u00fcnsterland. F\u00fcr Fragen, Anregungen oder Unterst\u00fctzungsangebote erreicht ihr uns unter: info[at]ostermarsch-gronau.de\u00a0\u00a0\u00a0oder Telefon: 02562-23125 Hinweis f\u00fcr die Presse: Unsere Pressemitteilungen finden Sie [&hellip;]<\/p>\n","protected":false},"author":1,"featured_media":0,"parent":0,"menu_order":0,"comment_status":"closed","ping_status":"closed","template":"","meta":{"footnotes":""},"class_list":["post-64","page","type-page","status-publish","hentry","entry"],"_links":{"self":[{"href":"https:\/\/ostermarsch-gronau.de\/index.php?rest_route=\/wp\/v2\/pages\/64","targetHints":{"allow":["GET"]}}],"collection":[{"href":"https:\/\/ostermarsch-gronau.de\/index.php?rest_route=\/wp\/v2\/pages"}],"about":[{"href":"https:\/\/ostermarsch-gronau.de\/index.php?rest_route=\/wp\/v2\/types\/page"}],"author":[{"embeddable":true,"href":"https:\/\/ostermarsch-gronau.de\/index.php?rest_route=\/wp\/v2\/users\/1"}],"replies":[{"embeddable":true,"href":"https:\/\/ostermarsch-gronau.de\/index.php?rest_route=%2Fwp%2Fv2%2Fcomments&post=64"}],"version-history":[{"count":20,"href":"https:\/\/ostermarsch-gronau.de\/index.php?rest_route=\/wp\/v2\/pages\/64\/revisions"}],"predecessor-version":[{"id":651,"href":"https:\/\/ostermarsch-gronau.de\/index.php?rest_route=\/wp\/v2\/pages\/64\/revisions\/651"}],"wp:attachment":[{"href":"https:\/\/ostermarsch-gronau.de\/index.php?rest_route=%2Fwp%2Fv2%2Fmedia&parent=64"}],"curies":[{"name":"wp","href":"https:\/\/api.w.org\/{rel}","templated":true}]}}