{"id":269,"date":"2019-03-31T22:14:07","date_gmt":"2019-03-31T22:14:07","guid":{"rendered":"https:\/\/ostermarsch-gronau.de\/?page_id=269"},"modified":"2025-04-05T22:35:09","modified_gmt":"2025-04-05T22:35:09","slug":"aufruf-2","status":"publish","type":"page","link":"https:\/\/ostermarsch-gronau.de\/?page_id=269","title":{"rendered":"Aufruf"},"content":{"rendered":"<h3 class=\"western\" align=\"center\"><span style=\"font-size: large;\"><span style=\"font-family: Arial, serif;\"><b><img loading=\"lazy\" decoding=\"async\" class=\"size-medium wp-image-765 alignleft\" src=\"https:\/\/ostermarsch-gronau.de\/wp-content\/uploads\/2018\/02\/cropped-Ostermarsch-2014-t-klein-300x129.png\" alt=\"\" width=\"300\" height=\"129\" srcset=\"https:\/\/ostermarsch-gronau.de\/wp-content\/uploads\/2018\/02\/cropped-Ostermarsch-2014-t-klein-300x129.png 300w, https:\/\/ostermarsch-gronau.de\/wp-content\/uploads\/2018\/02\/cropped-Ostermarsch-2014-t-klein-1024x442.png 1024w, https:\/\/ostermarsch-gronau.de\/wp-content\/uploads\/2018\/02\/cropped-Ostermarsch-2014-t-klein-768x332.png 768w, https:\/\/ostermarsch-gronau.de\/wp-content\/uploads\/2018\/02\/cropped-Ostermarsch-2014-t-klein-1536x663.png 1536w, https:\/\/ostermarsch-gronau.de\/wp-content\/uploads\/2018\/02\/cropped-Ostermarsch-2014-t-klein.png 2048w\" sizes=\"auto, (max-width: 300px) 100vw, 300px\" \/>Kriege stoppen &#8211; Frieden und Abr\u00fcstung jetzt<\/b><\/span><\/span><\/h3>\n<h3 class=\"western\" align=\"center\"><span style=\"font-size: large;\"><span style=\"font-family: Arial, serif;\"><b>Friedensf\u00e4higkeit statt Kriegst\u00fcchtigkeit<\/b><\/span><\/span><\/h3>\n<h3 class=\"western\" align=\"center\"><span style=\"font-size: large;\"><span style=\"font-family: Arial, serif;\"><b>Energiewende statt Atomwaffen und Uranm\u00fcll<\/b><\/span><\/span><\/h3>\n<p><a href=\"https:\/\/ostermarsch-gronau.de\/wp-content\/uploads\/2025\/04\/Aufruf-OMA-Gronau-2025.pdf\">Aufruf-OMA-Gronau-2025 als PDF<\/a><\/p>\n<p class=\"western\" align=\"center\"><span style=\"font-family: Arial, serif;\"><span style=\"font-size: x-large;\"><b>Karfreitag, 18. April 2025, 13 Uhr, Bahnhof Gronau, dann Ostermarsch zur Urananreicherungsanlage<\/b><\/span><\/span><\/p>\n<p class=\"western\" align=\"justify\"><span style=\"font-family: Arial, serif;\">Am Karfreitag beginnen die Osterm\u00e4rsche 2025 unter dem Eindruck einer ma\u00dflosen Aufr\u00fcstung in Deutschland, Europa und weltweit. <\/span><span style=\"color: #000000;\"><span style=\"font-family: Arial, serif;\">Der brutale russische Angriffskrieg in der Ukraine bringt weiterhin sehr vielen Menschen Leid, Tod und Vertreibung \u2013 und es ist leider nicht der einzige Krieg, der aktuell tobt. Immer weitere Konfliktherde entstehen, w\u00e4hrend andere Konflikte, wie etwa zwischen Israel und Pal\u00e4stina, gewaltvoll eskaliert sind. Und die Gefahr eines Atomkrieges ist aufgrund der russischen Aggression so gro\u00df wie schon lange nicht mehr. <\/span><\/span><\/p>\n<p class=\"western\"><span style=\"font-family: Arial, serif;\">In diesem Jahr wollen wir am Atomstandort Gronau\/Westf. wiederholt auf die milit\u00e4rische Brisanz der Gronauer Urananreicherungsanlage (UAA) hinweisen und fordern mit Nachdruck ihre Stilllegung. Mit der hier vorhandenen Zentrifugentechnik kann in Gronau Uran f\u00fcr die Produktion von Atomwaffen genutzt werden.<\/span><\/p>\n<p class=\"western\"><span style=\"font-family: Arial, serif;\">Nach der erfolgten Stilllegung der letzten Atomkraftwerke in der Bundesrepublik wird in den Uranfabriken in Gronau und Lingen weiterhin nuklearer Brennstoff f\u00fcr AKWs in aller Welt vorbereitet. Wir fordern das Aus f\u00fcr die Uranverarbeitung in Gronau und Lingen und auch f\u00fcr die niederl\u00e4ndische Urananreicherungsanlage in Almelo. <\/span><span style=\"font-family: Arial, serif;\">Wir wehren uns gegen den Einstieg des russischen Atomkonzerns Rosatom bei der Brennelementeproduktion in Lingen, der weiteres Geld in Putins Kriegskasse sp\u00fclt. <\/span><\/p>\n<p class=\"western\"><span style=\"font-family: Arial, serif;\">Neben der nuklearen Bedrohung gibt es milit\u00e4rische Einrichtungen, die die Militarisierung unserer Region widerspiegeln: So z. B. den Bombenabwurfpatz Nordhorn-Range (in der N\u00e4he der Lingener Atomanlagen!), das Bundeswehrdepot in Ochtrup und das Bundeswehr-Sanit\u00e4tsdepot in Gronau-Epe.<\/span><\/p>\n<p class=\"western\" align=\"justify\"><span style=\"font-family: Arial, serif;\">Die andauernden Kriege Ukraine\/Russland, im Nahen Osten, Sudan Kongo und anderen Krisenherden bringt vielen Menschen Tod, Leid und Vertreibung.<\/span><\/p>\n<p class=\"western\" align=\"justify\"><span style=\"font-family: Arial, serif;\">Die milit\u00e4rische Sicherheitslogik setzt auf Konfrontation statt Dialog. Dies ist die Grundlage f\u00fcr ein globales, auch wieder atomares, Wettr\u00fcsten und die zunehmenden internationalen Spannungen. Das Risiko eines Atomkrieges war noch nie so hoch wie heute. Der Ruf nach weiteren Atomwaffen, auch in Deutschland, wird immer lauter. Die Urananreicherung ist dabei immer noch der leichteste Weg zur Atombombe. An diesem bedrohlichen Wettr\u00fcsten wollen wir uns nicht beteiligen. 2026 ist die Stationierung neuer US- Mittelstrecken in Deutschland geplant. Gerufen wird auch nach Kriegst\u00fcchtigkeit und Wiedereinf\u00fchrung der Wehrpflicht.<\/span><\/p>\n<p class=\"western\" align=\"justify\"><span style=\"font-family: Arial, serif;\"><b>Diese Politik verst\u00e4rkt: <\/b><\/span><\/p>\n<ul>\n<li>\n<p align=\"justify\"><span style=\"font-family: Arial, serif;\"><b>Fluchtbewegungen<\/b><\/span><span style=\"font-family: Arial, serif;\">: Millionen von Menschen werden vertrieben durch Krieg, Verw\u00fcstung, Hunger und Not. Zus\u00e4tzlich schottet sich Europa ab gegen Menschen in Not.<\/span><\/p>\n<\/li>\n<li>\n<p align=\"justify\"><span style=\"font-family: Arial, serif;\"><b>Sozialabbau:<\/b><\/span><span style=\"font-family: Arial, serif;\"> Die Steigerung der R\u00fcstungsaufgaben f\u00fchrt dazu, dass immer mehr Geld f\u00fcr zivile Bereiche wie Bildung und Gesundheit fehlt.<\/span><\/p>\n<\/li>\n<li>\n<p align=\"justify\"><span style=\"font-family: Arial, serif;\"><b>\u00f6kologische Katastrophen<\/b><\/span><span style=\"font-family: Arial, serif;\">: Kriege haben gravierende Folgen f\u00fcr das Welt Klima durch eigentliche Kriegshandlungen f\u00fcr Treibstoffverbr\u00e4uche der milit\u00e4rischen Fahrzeuge, Lastwagen, Panzer, Hubschrauber und dergleichen, zus\u00e4tzlich entstehen klimasch\u00e4dliche Emissionen durch zerst\u00f6rte Geb\u00e4ude, Verkehrswege und Industrieanlagen. Die Klimasch\u00e4den entsprechen einer Nutzung von 90 Millionen Autos. Nicht mit gerechnet sind die Sch\u00e4den, die durch Wiederaufbau anstehen.<\/span><\/p>\n<\/li>\n<\/ul>\n<p class=\"western\" align=\"justify\"><span style=\"font-family: Arial, serif;\">Dem wollen wir uns entgegenstellen. Wir sprechen uns gegen das nukleare Wettr\u00fcsten aus. Die Bundesrepublik muss ein Zeichen setzen, dem Beispiel vieler Staaten folgen und dem UN- Atomwaffenverbotsvertrag beitreten.<\/span><\/p>\n<p class=\"western\" align=\"justify\"><span style=\"font-family: Arial, serif;\"><span style=\"font-size: large;\"><b>Lasst uns gemeinsam an Ostern ein Zeichen setzen gegen Hass und Hetze, f\u00fcr Frieden, Abr\u00fcstung und V\u00f6lkerverst\u00e4ndigung <\/b><\/span><\/span><\/p>\n<p class=\"western\" align=\"justify\"><span style=\"font-family: Arial, serif;\">Nach der Atomkatastrophe von Tschernobyl vor 39 Jahren steht fest:<\/span><\/p>\n<p class=\"western\" align=\"center\"><span style=\"font-family: Arial, serif; font-size: 14pt;\"><b>Alle Atomkraftwerke und Uranfabriken m\u00fcssen gestoppt und Atomtransporte verhindert werden.<\/b><\/span><\/p>\n<p class=\"western\" align=\"center\"><span style=\"font-family: Arial, serif; font-size: 14pt;\"><b>Alle Atomwaffen m\u00fcssen vernichtet werden.<\/b><\/span><\/p>\n<p class=\"western\" align=\"center\"><span style=\"font-family: Arial, serif; font-size: 14pt;\"><b>Nie wieder Krieg! Nie wieder Faschismus!<\/b><\/span><\/p>\n<p class=\"western\" align=\"justify\"><span style=\"font-family: Arial, serif;\">V\u00f6lkische und rassistische Ideologien sind beim Ostermarsch nicht erw\u00fcnscht, da sie den Grundprinzipien der weltweiten Solidarit\u00e4t und dem Frieden widersprechen!<\/span><\/p>\n<p class=\"western\" align=\"justify\"><span style=\"font-family: Arial, serif;\"><b>Auftakt: 18. April 2025 , 13 Uhr, Bahnhof Gronau, dann Ostermarsch zur UAA<\/b><\/span><\/p>\n<p class=\"western\" align=\"justify\"><span style=\"font-family: Arial, serif;\"><b>Abschlusskundgebung am Haupttor der UAA, R\u00f6ntgenstr. 4, ca.14.30 Uhr<\/b><\/span><\/p>\n<p class=\"western\" align=\"justify\"><span style=\"font-family: Arial, serif;\">Vom Bahnhof zur Urananreicherungsanlage und zur\u00fcck wird ein Bus-Shuttle organisiert, die Redebeitr\u00e4ge bei den Kundgebungen am Gronauer Bahnhof und an der UAA werden von Gerd Schinkel musikalisch umrahmt und an der UAA erwartet die Ostermarschierer<\/span><span style=\"font-family: Arial, serif;\">_i<\/span><span style=\"font-family: Arial, serif;\">nnen eine st\u00e4rkende VolXk\u00fcche.<\/span><\/p>\n<p class=\"western\" align=\"center\"><span style=\"font-family: Arial, serif;\">Veranstalter: Arbeitskreis Ostermarsch Gronau<\/span><\/p>\n<p class=\"western\" align=\"justify\"><span style=\"font-family: Arial, serif;\">Den Aufruf zur Teilnahme an dem Gronauer Ostermarsch unterst\u00fctzen:<\/span><\/p>\n<p class=\"western\" align=\"justify\"><span style=\"font-family: Arial, serif;\"><span style=\"font-size: small;\">Aktionsb\u00fcndnis M\u00fcnsterland gegen Atomanlagen, Arbeitskreis Umwelt (AKU) Gronau, Bundesverband B\u00fcrgerinitiativen Umweltschutz (BBU), B\u00fcndnis AgiEL (Atomkraftgegner*innen im Emsland), Gr\u00fcn Alternative Liste (GAL) Gronau, J\u00fclicher Aktionsb\u00fcndnis &#8222;Stop Westcastor&#8220;Natur- und Umweltschutzverein Gronau (NUG) (Stand 2.4.25)<\/span><\/span><\/p>\n<p class=\"western\" align=\"justify\"><span style=\"font-family: Arial, serif; font-size: 12pt;\">Weitere Unterst\u00fctzungserkl\u00e4rungen an: <\/span><span style=\"color: #0563c1;\"><u><a href=\"mailto:info@ostermarsch-gronau.de\"><span style=\"font-family: Arial, serif;\"><span style=\"font-size: small;\"><span style=\"font-size: 12pt;\">info@ostermarsch-gronau.de<\/span><\/span><\/span><\/a><\/u><\/span><\/p>\n","protected":false},"excerpt":{"rendered":"<p>Kriege stoppen &#8211; Frieden und Abr\u00fcstung jetzt Friedensf\u00e4higkeit statt Kriegst\u00fcchtigkeit Energiewende statt Atomwaffen und Uranm\u00fcll Aufruf-OMA-Gronau-2025 als PDF Karfreitag, 18. April 2025, 13 Uhr, Bahnhof Gronau, dann Ostermarsch zur Urananreicherungsanlage Am Karfreitag beginnen die Osterm\u00e4rsche 2025 unter dem Eindruck einer ma\u00dflosen Aufr\u00fcstung in Deutschland, Europa und weltweit. Der brutale russische Angriffskrieg in der Ukraine bringt [&hellip;]<\/p>\n","protected":false},"author":1,"featured_media":0,"parent":0,"menu_order":0,"comment_status":"closed","ping_status":"closed","template":"","meta":{"footnotes":""},"class_list":["post-269","page","type-page","status-publish","hentry","entry"],"_links":{"self":[{"href":"https:\/\/ostermarsch-gronau.de\/index.php?rest_route=\/wp\/v2\/pages\/269","targetHints":{"allow":["GET"]}}],"collection":[{"href":"https:\/\/ostermarsch-gronau.de\/index.php?rest_route=\/wp\/v2\/pages"}],"about":[{"href":"https:\/\/ostermarsch-gronau.de\/index.php?rest_route=\/wp\/v2\/types\/page"}],"author":[{"embeddable":true,"href":"https:\/\/ostermarsch-gronau.de\/index.php?rest_route=\/wp\/v2\/users\/1"}],"replies":[{"embeddable":true,"href":"https:\/\/ostermarsch-gronau.de\/index.php?rest_route=%2Fwp%2Fv2%2Fcomments&post=269"}],"version-history":[{"count":21,"href":"https:\/\/ostermarsch-gronau.de\/index.php?rest_route=\/wp\/v2\/pages\/269\/revisions"}],"predecessor-version":[{"id":905,"href":"https:\/\/ostermarsch-gronau.de\/index.php?rest_route=\/wp\/v2\/pages\/269\/revisions\/905"}],"wp:attachment":[{"href":"https:\/\/ostermarsch-gronau.de\/index.php?rest_route=%2Fwp%2Fv2%2Fmedia&parent=269"}],"curies":[{"name":"wp","href":"https:\/\/api.w.org\/{rel}","templated":true}]}}